{"id":584,"date":"2016-10-15T18:18:45","date_gmt":"2016-10-15T16:18:45","guid":{"rendered":"http:\/\/astreinhochzwei.com\/?page_id=584"},"modified":"2020-10-08T15:56:39","modified_gmt":"2020-10-08T15:56:39","slug":"klaerchenfaire-agbskundendatenblatt","status":"publish","type":"page","link":"https:\/\/astreinhochzwei.de\/?page_id=584","title":{"rendered":"Kl\u00e4rchen! unser Leitfaden durch Ihr Projekt"},"content":{"rendered":"<p>Kl\u00e4rchen! Unser Leitfaden durch Ihr Projekt<\/p>\n<p>&nbsp;<\/p>\n<p>Seit nunmehr 10 Jahren sind wir mit Herz, Holz und Seele dabei die W\u00fcnsche und Wohntr\u00e4ume unserer Kunden zu verwirklichen. Dabei spielen viele Faktoren, wie Lebensumfeld, Lebenssituation (Bsp. Familie), Platz, Funktion, Materialit\u00e4t, architektonische Voraussetzungen, Form, Harmonie, Farbe, Budget, individuelle Bed\u00fcrfnisse, Spirit \u2026eine wichtige Rolle. Wir gebrauchen alle unsere Sinne, um die individuellen Aspekte Ihres Projektes zu verstehen und in eigenst\u00e4ndige Gestaltung f\u00fcr Sie umzusetzen.<\/p>\n<p>Aus unseren Erfahrungen haben wir einen Leitfaden f\u00fcr eine erfolgreiche Zusammenarbeit entwickelt, der Ihnen und uns, angepasst an Umfang und Komplexit\u00e4t des Projektes, wie ein guter Bergf\u00fchrer den Weg wei\u00dft. Gemeinsam planen, zur Expedition aufbrechen, Gl\u00fccksmomente am Gipfel erleben, gesund und munter zur\u00fcckkehren.<\/p>\n<p>&nbsp;<\/p>\n<p>&nbsp;<\/p>\n<ol>\n<li>Ihre Anfrage:<\/li>\n<\/ol>\n<p>&nbsp;<\/p>\n<p>Kontaktdaten werden ausgetauscht. Sie erhalten \u201eKl\u00e4rchen\u201c, unseren Leitfaden, unsere fairen Gesch\u00e4ftsbedingungen und evtl. einen Projektfragebogen per e-mail.<\/p>\n<p>Ein gemeinsamer Termin f\u00fcr ein Treffen wird vereinbart.<\/p>\n<p>&nbsp;<\/p>\n<ol start=\"2\">\n<li>\u00a0\u00a0\u00a0Hausbesuch oder Werkstatttreffen:<\/li>\n<\/ol>\n<p>Wir f\u00fchren ein Gespr\u00e4ch \u00fcber Ihr Projekt und beraten Sie gerne. Viele Fragen tauchen erst auf, wenn man gemeinsam \u00fcber Details nachdenkt \u2013 hier entstehen oft Skizzen zur Verbildlichung der gemeinsamen Ideen. Wir nehmen ein grobes Aufmass, erfragen Ihr Budget und besprechen das weitere Vorgehen.<\/p>\n<p>&nbsp;<\/p>\n<ol start=\"3\">\n<li>Entwurfsphase:<\/li>\n<\/ol>\n<p>&nbsp;<\/p>\n<p>Je nach Bedarf entstehen ein oder mehr kostenpflichtige Entw\u00fcrfe (Details siehe faire AGBs) die Sie in einer Mappe bei einem zweiten Treffen erhalten und dann diskutiert werden. Wir bemustern die Materialien. In dieser Phase verdichtet sich die Vision schon zu greifbaren Optionen. Sie haben vielleicht noch \u00c4nderungsw\u00fcnsche. Dann drehen wir einen \u201eLooping\u201c und Sie k\u00f6nnen eine Wahl treffen.<\/p>\n<p>&nbsp;<\/p>\n<p>&nbsp;<\/p>\n<ol start=\"4\">\n<li>Angebotsphase:<\/li>\n<\/ol>\n<p>&nbsp;<\/p>\n<p>Wir erstellen Ihnen einen Kostenvoranschlag. Dieser enth\u00e4lt reichlich Details (Entwurfsleistung, Planungsaufwand, Ausf\u00fchrung und Materialit\u00e4t, Fertigungskosten, Lieferung und Montage, evtl. Bauleitungshonorar, UmsSt, geplanten Liefertermin, Anzahlungsbetrag). Wenn Ihnen der KV zusagt m\u00fcssen Sie nur noch \u201eJa\u201c sagen bzw. schreiben, den Rest uns \u00fcberlassen und die Vorfreude auskosten.<\/p>\n<p>&nbsp;<\/p>\n<ol start=\"5\">\n<li>Fertigungsphase :<\/li>\n<\/ol>\n<p>Ab jetzt planen, zeichnen, bestellen, werkeln wir nach allen Regeln der Kunst f\u00fcr Sie. Unsere langj\u00e4hrigen Partner aus anderen Gewerken (Kunstschmiede, Drechsler, Glaser etc) freuen sich \u00fcber unsere Auftr\u00e4ge und beraten uns wiederum zur perfekten Ausf\u00fchrung Ihres Projekts. Dieser Teil des Kreises ist f\u00fcr Sie nur erfahrbar, wenn Sie uns -Neugierde vorausgesetzt- in der Werkstatt besuchen. Vermeiden Sie in der Fertigungsphase \u00c4nderungsw\u00fcnsche die Auswirkungen auf Lieferzeit und Kosten haben k\u00f6nnen. Wir haben f\u00fcr Sie fair kalkuliert und bitten um Ihren schriftlichen \u00c4nderungsauftrag, falls doch gew\u00fcnscht.<\/p>\n<p>&nbsp;<\/p>\n<p>&nbsp;<\/p>\n<ol start=\"6\">\n<li>Lieferung, Einbau, Gl\u00fccksmoment:<\/li>\n<\/ol>\n<p>&nbsp;<\/p>\n<p>Es wird spannend! Auch dieser Schritt will gut geplant sein. Wir brauchen: einen Haust\u00fcrschl\u00fcssel oder Sie einen Tag Urlaub, freie Bahn, denn teils m\u00fcssen sperrige M\u00f6belteile um die Ecke gebracht werden, einen kinderfreien Arbeitsbereich (Sicherheit f\u00fcr Kleine und auch Haustiere), Strom, Exil oder Schutz wertvoller Gegenst\u00e4nde. Lieferung und Einbau erfolgt an einem St\u00fcck. Sie stehen pl\u00f6tzlich vor Ihrem neuen Interieur, schwelgen im Gl\u00fcck und der Vorfreude es einzur\u00e4umen oder zu benutzen, wir machen ein paar Fotos und entschwinden sacht und leise zur Haust\u00fcr hinaus.<\/p>\n<p>&nbsp;<\/p>\n<p>&nbsp;<\/p>\n<ol start=\"7\">\n<li>Den Kreis schlie\u00dfen:<\/li>\n<\/ol>\n<p>&nbsp;<\/p>\n<p>Nach erfolgreicher Lieferung erhalten Sie unsere abschlie\u00dfende Rechnung mit ausgewiesenem Leistungsteil f\u00fcr die Steuererkl\u00e4rung und zeitnahem Zahlungsziel. F\u00fcr uns ist der Kreisschluss perfekt, wenn Sie zufrieden sind und uns an Ihre Freunde weiterempfehlen. Vielleicht haben Sie auch gleich noch ein Anschlussprojekt mit uns vor.<\/p>\n<p>&nbsp;<\/p>\n<p style=\"text-align: left;\">Wir hoffen Ihnen mit unserem &#8222;Kl\u00e4rchen&#8220; ein wenig Klarheit \u00fcber unsere Vorgehensweise verschafft zu haben und w\u00fcrden uns \u00fcber eine Zusammenarbeit mit ihnen freuen.\u00a0F\u00fcr K\u00fcchen- oder gr\u00f6\u00dfere Ausbauprojekte haben wir einen Fragebogen f\u00fcr Sie zusammengestellt,\u00a0dessen Beantwortung im Vorfeld Ihnen Klarheit verschaffen mag und uns eine optimale Vorbereitung\u00a0f\u00fcr Sie erm\u00f6glicht.<\/p>\n<p>&nbsp;<\/p>\n<p>Unsere Kontaktdaten:<\/p>\n<p>Stephan Huber\u00a0\u00a0\u00a0\u00a0\u00a0\u00a0 tel.\u00a0 08151 9500273\u00a0\u00a0\u00a0\u00a0 mail@astreinhochzwei.de<\/p>\n<p>Toni Baumann \u00a0\u00a0\u00a0\u00a0\u00a0\u00a0 mob. 0176 60990186 \u00a0 mail@astreinhochzwei.de<\/p>\n<p>www.astreinhochzwei.de<\/p>\n<p>Werkstatt in der Hanfelderstr.30 in 82319 Starnberg<\/p>\n<p>&nbsp;<\/p>\n<p>&nbsp;<\/p>\n<p>&nbsp;<\/p>\n<p>&nbsp;<\/p>\n<p>&nbsp;<\/p>\n<p>&nbsp;<\/p>\n<p>&nbsp;<\/p>\n<p>&nbsp;<\/p>\n","protected":false},"excerpt":{"rendered":"<p>Kl\u00e4rchen! Unser Leitfaden durch Ihr Projekt &nbsp; Seit nunmehr 10 Jahren sind wir mit Herz, Holz und Seele dabei die W\u00fcnsche und Wohntr\u00e4ume unserer Kunden zu verwirklichen. Dabei spielen viele Faktoren, wie Lebensumfeld, Lebenssituation (Bsp. Familie), Platz, Funktion, Materialit\u00e4t, architektonische Voraussetzungen, Form, Harmonie, Farbe, Budget, individuelle Bed\u00fcrfnisse, Spirit \u2026eine wichtige Rolle. Wir gebrauchen alle unsere [&hellip;]<\/p>\n","protected":false},"author":1,"featured_media":0,"parent":0,"menu_order":0,"comment_status":"closed","ping_status":"closed","template":"","meta":{"footnotes":""},"jetpack_sharing_enabled":true,"_links":{"self":[{"href":"https:\/\/astreinhochzwei.de\/index.php?rest_route=\/wp\/v2\/pages\/584"}],"collection":[{"href":"https:\/\/astreinhochzwei.de\/index.php?rest_route=\/wp\/v2\/pages"}],"about":[{"href":"https:\/\/astreinhochzwei.de\/index.php?rest_route=\/wp\/v2\/types\/page"}],"author":[{"embeddable":true,"href":"https:\/\/astreinhochzwei.de\/index.php?rest_route=\/wp\/v2\/users\/1"}],"replies":[{"embeddable":true,"href":"https:\/\/astreinhochzwei.de\/index.php?rest_route=%2Fwp%2Fv2%2Fcomments&post=584"}],"version-history":[{"count":2,"href":"https:\/\/astreinhochzwei.de\/index.php?rest_route=\/wp\/v2\/pages\/584\/revisions"}],"predecessor-version":[{"id":1365,"href":"https:\/\/astreinhochzwei.de\/index.php?rest_route=\/wp\/v2\/pages\/584\/revisions\/1365"}],"wp:attachment":[{"href":"https:\/\/astreinhochzwei.de\/index.php?rest_route=%2Fwp%2Fv2%2Fmedia&parent=584"}],"curies":[{"name":"wp","href":"https:\/\/api.w.org\/{rel}","templated":true}]}}